{"id":2,"date":"2020-10-25T20:56:08","date_gmt":"2020-10-25T20:56:08","guid":{"rendered":"http:\/\/rundumuns.de\/?page_id=2"},"modified":"2026-03-31T07:20:49","modified_gmt":"2026-03-31T07:20:49","slug":"sample-page","status":"publish","type":"page","link":"http:\/\/rundumuns.de\/","title":{"rendered":"Herzlich Willkommen, sch\u00f6n dass du da bist!"},"content":{"rendered":"\n<div class=\"wp-block-group\"><div class=\"wp-block-group__inner-container is-layout-constrained wp-block-group-is-layout-constrained\">\n<div class=\"wp-block-columns is-layout-flex wp-container-core-columns-is-layout-9d6595d7 wp-block-columns-is-layout-flex\">\n<div class=\"wp-block-column is-layout-flow wp-block-column-is-layout-flow\" style=\"flex-basis:100%\">\n<div class=\"wp-block-group\"><div class=\"wp-block-group__inner-container is-layout-constrained wp-block-group-is-layout-constrained\">\n<p><strong><em>Aktuell k\u00f6nnen nur noch Betreuungsanfragen mit errechnetem Termin <\/em><\/strong><br><strong><em>ab<\/em><\/strong> <strong><em>November 2026 angenommen werden.<\/em><\/strong><br><\/p>\n\n\n\n<p>Bitte beachte die Hinweise unter &#8222;Aktuelles&#8220;.<\/p>\n<\/div><\/div>\n<\/div>\n<\/div>\n<\/div><\/div>\n\n\n\n<p class=\"has-drop-cap\"><\/p>\n\n\n\n<blockquote class=\"wp-block-quote is-style-large is-layout-flow wp-block-quote-is-layout-flow\">\n<p>Sch\u00f6n ist, was wir sehen, sch\u00f6ner, was wir erkennen, weitaus am sch\u00f6nsten aber ist, was wir nicht fassen k\u00f6nnen.<\/p>\n<cite>Niels Stenson<\/cite><\/blockquote>\n\n\n<div class=\"wp-block-image is-style-rounded\">\n<figure class=\"alignleft size-full\"><img decoding=\"async\" src=\"http:\/\/rundumuns.de\/wp-content\/uploads\/2023\/05\/I9A7133-Kopie-2.jpg\" alt=\"\" class=\"wp-image-148\"\/><\/figure>\n<\/div>","protected":false},"excerpt":{"rendered":"<p>Aktuell k\u00f6nnen nur noch Betreuungsanfragen mit errechnetem Termin ab November 2026 angenommen werden. Bitte beachte die Hinweise unter &#8222;Aktuelles&#8220;. Sch\u00f6n ist, was wir sehen, sch\u00f6ner, was wir erkennen, weitaus am sch\u00f6nsten aber ist, was wir nicht fassen k\u00f6nnen. Niels Stenson<\/p>\n","protected":false},"author":1,"featured_media":0,"parent":0,"menu_order":0,"comment_status":"closed","ping_status":"open","template":"","meta":{"footnotes":""},"class_list":["post-2","page","type-page","status-publish","hentry"],"_links":{"self":[{"href":"http:\/\/rundumuns.de\/index.php\/wp-json\/wp\/v2\/pages\/2","targetHints":{"allow":["GET"]}}],"collection":[{"href":"http:\/\/rundumuns.de\/index.php\/wp-json\/wp\/v2\/pages"}],"about":[{"href":"http:\/\/rundumuns.de\/index.php\/wp-json\/wp\/v2\/types\/page"}],"author":[{"embeddable":true,"href":"http:\/\/rundumuns.de\/index.php\/wp-json\/wp\/v2\/users\/1"}],"replies":[{"embeddable":true,"href":"http:\/\/rundumuns.de\/index.php\/wp-json\/wp\/v2\/comments?post=2"}],"version-history":[{"count":18,"href":"http:\/\/rundumuns.de\/index.php\/wp-json\/wp\/v2\/pages\/2\/revisions"}],"predecessor-version":[{"id":284,"href":"http:\/\/rundumuns.de\/index.php\/wp-json\/wp\/v2\/pages\/2\/revisions\/284"}],"wp:attachment":[{"href":"http:\/\/rundumuns.de\/index.php\/wp-json\/wp\/v2\/media?parent=2"}],"curies":[{"name":"wp","href":"https:\/\/api.w.org\/{rel}","templated":true}]}}